{"id":2202,"date":"2024-01-10T23:24:42","date_gmt":"2024-01-11T04:24:42","guid":{"rendered":"http:\/\/infinityplanets.net\/spells\/"},"modified":"2024-01-23T23:12:23","modified_gmt":"2024-01-24T04:12:23","slug":"spells","status":"publish","type":"page","link":"https:\/\/infinityplanets.net\/en\/spells\/","title":{"rendered":"Spells"},"content":{"rendered":"\t\t<div data-elementor-type=\"wp-page\" data-elementor-id=\"2202\" class=\"elementor elementor-2202\">\n\t\t\t\t<div class=\"elementor-element elementor-element-2b2a574 elementor-hidden-desktop e-flex e-con-boxed e-con e-parent\" data-id=\"2b2a574\" data-element_type=\"container\" data-core-v316-plus=\"true\">\n\t\t\t\t\t<div class=\"e-con-inner\">\n\t\t\t\t<div class=\"elementor-element elementor-element-9bc9feb elementor-widget elementor-widget-etheme_animated_headline\" data-id=\"9bc9feb\" data-element_type=\"widget\" data-settings=\"{&quot;shape&quot;:&quot;custom&quot;,&quot;text_style&quot;:&quot;highlight&quot;,&quot;loop&quot;:&quot;yes&quot;,&quot;duration&quot;:{&quot;unit&quot;:&quot;px&quot;,&quot;size&quot;:&quot;&quot;,&quot;sizes&quot;:[]}}\" data-widget_type=\"etheme_animated_headline.default\">\n\t\t\t\t<div class=\"elementor-widget-container\">\n\t\t\t        \r\n        <div class=\"etheme-headline-wrapper\">\r\n            <h1 class=\"etheme-headline\" data-style=\"highlight\">\r\n\t\t                                <span class=\"etheme-headline-text-before\">\r\n\t                        Libro de                        <\/span>\r\n                                    <span class=\"etheme-headline-text-wrapper\">\r\n                \r\n\t\t        Hechizos                \r\n                <\/span>\r\n                            <\/h1>\r\n        <\/div>\r\n        \r\n\t\t\t\t<\/div>\n\t\t\t\t<\/div>\n\t\t\t\t<div class=\"elementor-element elementor-element-6c699fb etheme-parallax-floating_effects elementor-absolute elementor-widget elementor-widget-image\" data-id=\"6c699fb\" data-element_type=\"widget\" data-settings=\"{&quot;etheme_parallax&quot;:&quot;yes&quot;,&quot;etheme_parallax_type&quot;:&quot;floating_effects&quot;,&quot;etheme_parallax_floating_rotate_toggle&quot;:&quot;yes&quot;,&quot;etheme_parallax_floating_rotate_x&quot;:{&quot;unit&quot;:&quot;px&quot;,&quot;size&quot;:&quot;&quot;,&quot;sizes&quot;:{&quot;from&quot;:0,&quot;to&quot;:0}},&quot;etheme_parallax_floating_rotate_y&quot;:{&quot;unit&quot;:&quot;px&quot;,&quot;size&quot;:&quot;&quot;,&quot;sizes&quot;:{&quot;from&quot;:0,&quot;to&quot;:0}},&quot;etheme_parallax_floating_rotate_z&quot;:{&quot;unit&quot;:&quot;px&quot;,&quot;size&quot;:&quot;&quot;,&quot;sizes&quot;:{&quot;from&quot;:-12,&quot;to&quot;:28}},&quot;etheme_parallax_floating_rotate_duration&quot;:{&quot;unit&quot;:&quot;px&quot;,&quot;size&quot;:5000,&quot;sizes&quot;:[]},&quot;_position&quot;:&quot;absolute&quot;,&quot;etheme_parallax_mobile&quot;:&quot;yes&quot;,&quot;etheme_parallax_floating_translate_toggle&quot;:&quot;yes&quot;,&quot;etheme_parallax_floating_translate_x&quot;:{&quot;unit&quot;:&quot;px&quot;,&quot;size&quot;:&quot;&quot;,&quot;sizes&quot;:{&quot;from&quot;:0,&quot;to&quot;:15}},&quot;etheme_parallax_floating_translate_y&quot;:{&quot;unit&quot;:&quot;px&quot;,&quot;size&quot;:&quot;&quot;,&quot;sizes&quot;:{&quot;from&quot;:0,&quot;to&quot;:15}},&quot;etheme_parallax_floating_translate_duration&quot;:{&quot;unit&quot;:&quot;px&quot;,&quot;size&quot;:1000,&quot;sizes&quot;:[]},&quot;etheme_parallax_floating_translate_delay&quot;:{&quot;unit&quot;:&quot;px&quot;,&quot;size&quot;:&quot;&quot;,&quot;sizes&quot;:[]},&quot;etheme_parallax_floating_rotate_delay&quot;:{&quot;unit&quot;:&quot;px&quot;,&quot;size&quot;:&quot;&quot;,&quot;sizes&quot;:[]}}\" data-widget_type=\"image.default\">\n\t\t\t\t<div class=\"elementor-widget-container\">\n\t\t\t<style>\/*! elementor - v3.20.0 - 26-03-2024 *\/\n.elementor-widget-image{text-align:center}.elementor-widget-image a{display:inline-block}.elementor-widget-image a img[src$=\".svg\"]{width:48px}.elementor-widget-image img{vertical-align:middle;display:inline-block}<\/style>\t\t\t\t\t\t\t\t\t\t<img fetchpriority=\"high\" decoding=\"async\" width=\"605\" height=\"605\" src=\"https:\/\/infinityplanets.net\/wp-content\/uploads\/2023\/12\/Diseno-sin-titulo-2.png\" class=\"attachment-full size-full wp-image-1917\" alt=\"\" srcset=\"https:\/\/infinityplanets.net\/wp-content\/uploads\/2023\/12\/Diseno-sin-titulo-2.png 605w, https:\/\/infinityplanets.net\/wp-content\/uploads\/2023\/12\/Diseno-sin-titulo-2-300x300.png 300w, https:\/\/infinityplanets.net\/wp-content\/uploads\/2023\/12\/Diseno-sin-titulo-2-150x150.png 150w, https:\/\/infinityplanets.net\/wp-content\/uploads\/2023\/12\/Diseno-sin-titulo-2-600x600.png 600w, https:\/\/infinityplanets.net\/wp-content\/uploads\/2023\/12\/Diseno-sin-titulo-2-100x100.png 100w, https:\/\/infinityplanets.net\/wp-content\/uploads\/2023\/12\/Diseno-sin-titulo-2-1x1.png 1w, https:\/\/infinityplanets.net\/wp-content\/uploads\/2023\/12\/Diseno-sin-titulo-2-10x10.png 10w\" sizes=\"(max-width: 605px) 100vw, 605px\" \/>\t\t\t\t\t\t\t\t\t\t\t\t\t<\/div>\n\t\t\t\t<\/div>\n\t\t\t\t<div class=\"elementor-element elementor-element-a86b2eb elementor-widget elementor-widget-image\" data-id=\"a86b2eb\" data-element_type=\"widget\" data-widget_type=\"image.default\">\n\t\t\t\t<div class=\"elementor-widget-container\">\n\t\t\t\t\t\t\t\t\t\t\t\t\t<img decoding=\"async\" width=\"576\" height=\"1024\" src=\"https:\/\/infinityplanets.net\/wp-content\/uploads\/2023\/12\/Historia-de-Instagram-Pergamino-de-Aviso-Caricatura-Azul-576x1024.png\" class=\"attachment-large size-large wp-image-1915\" alt=\"\" srcset=\"https:\/\/infinityplanets.net\/wp-content\/uploads\/2023\/12\/Historia-de-Instagram-Pergamino-de-Aviso-Caricatura-Azul-576x1024.png 576w, https:\/\/infinityplanets.net\/wp-content\/uploads\/2023\/12\/Historia-de-Instagram-Pergamino-de-Aviso-Caricatura-Azul-169x300.png 169w, https:\/\/infinityplanets.net\/wp-content\/uploads\/2023\/12\/Historia-de-Instagram-Pergamino-de-Aviso-Caricatura-Azul-768x1365.png 768w, https:\/\/infinityplanets.net\/wp-content\/uploads\/2023\/12\/Historia-de-Instagram-Pergamino-de-Aviso-Caricatura-Azul-864x1536.png 864w, https:\/\/infinityplanets.net\/wp-content\/uploads\/2023\/12\/Historia-de-Instagram-Pergamino-de-Aviso-Caricatura-Azul-600x1067.png 600w, https:\/\/infinityplanets.net\/wp-content\/uploads\/2023\/12\/Historia-de-Instagram-Pergamino-de-Aviso-Caricatura-Azul-1x1.png 1w, https:\/\/infinityplanets.net\/wp-content\/uploads\/2023\/12\/Historia-de-Instagram-Pergamino-de-Aviso-Caricatura-Azul-6x10.png 6w, https:\/\/infinityplanets.net\/wp-content\/uploads\/2023\/12\/Historia-de-Instagram-Pergamino-de-Aviso-Caricatura-Azul.png 1080w\" sizes=\"(max-width: 576px) 100vw, 576px\" \/>\t\t\t\t\t\t\t\t\t\t\t\t\t<\/div>\n\t\t\t\t<\/div>\n\t\t\t\t<div class=\"elementor-element elementor-element-338c27e elementor-widget elementor-widget-text-editor\" data-id=\"338c27e\" data-element_type=\"widget\" data-widget_type=\"text-editor.default\">\n\t\t\t\t<div class=\"elementor-widget-container\">\n\t\t\t<style>\/*! elementor - v3.20.0 - 26-03-2024 *\/\n.elementor-widget-text-editor.elementor-drop-cap-view-stacked .elementor-drop-cap{background-color:#69727d;color:#fff}.elementor-widget-text-editor.elementor-drop-cap-view-framed .elementor-drop-cap{color:#69727d;border:3px solid;background-color:transparent}.elementor-widget-text-editor:not(.elementor-drop-cap-view-default) .elementor-drop-cap{margin-top:8px}.elementor-widget-text-editor:not(.elementor-drop-cap-view-default) .elementor-drop-cap-letter{width:1em;height:1em}.elementor-widget-text-editor .elementor-drop-cap{float:left;text-align:center;line-height:1;font-size:50px}.elementor-widget-text-editor .elementor-drop-cap-letter{display:inline-block}<\/style>\t\t\t\t<p>El Libro &#8216;Erynith Salvanorium&#8217;; es un escrito breve redactado por la hechicera Leyra Aramordt, reina de la Regi\u00f3n de Annivia, y terminado aproximadamente en el a\u00f1o 1010 del Noul II, Tremul IV, en la Tercera Edad del planeta. En \u00e9l se recopilan los setenta hechizos m\u00e1s poderosos que han sido recapitulados a lo largo de su vida, y contienen aquellas fuerzas m\u00e1s grandes que ha aprendido a trav\u00e9s de sus estudios en el Reino de L\u00edvithur, su estad\u00eda en la naci\u00f3n de Solari, y las leyes expuestas en su propio libro, &#8220;Lith\u00ebir &#8216;evn Leyra&#8221;, entregado por el Dios de la Creaci\u00f3n. Est\u00e1 escrito en una hoja sagrada de oro, y fue desarrollado con el \u00fanico prop\u00f3sito de ser ense\u00f1ado a sus hijos, los pr\u00edncipes del reino del norte, para guiarlos a manifestar estas fuerzas con precauci\u00f3n y consciencia.<\/p>\t\t\t\t\t\t<\/div>\n\t\t\t\t<\/div>\n\t\t\t\t\t<\/div>\n\t\t\t\t<\/div>\n\t\t\t\t<section class=\"elementor-section elementor-top-section elementor-element elementor-element-aa5f173 elementor-section-content-middle elementor-section-stretched elementor-hidden-tablet elementor-hidden-mobile elementor-section-boxed elementor-section-height-default elementor-section-height-default\" data-id=\"aa5f173\" data-element_type=\"section\" data-settings=\"{&quot;stretch_section&quot;:&quot;section-stretched&quot;}\">\n\t\t\t\t\t\t<div class=\"elementor-container elementor-column-gap-custom\">\n\t\t\t\t\t<div class=\"elementor-column elementor-col-50 elementor-top-column elementor-element elementor-element-4d7fb9b\" data-id=\"4d7fb9b\" data-element_type=\"column\" data-settings=\"{&quot;background_background&quot;:&quot;classic&quot;}\">\n\t\t\t<div class=\"elementor-widget-wrap elementor-element-populated\">\n\t\t\t\t\t\t<div class=\"elementor-element elementor-element-97a1f6e etheme-parallax-floating_effects elementor-absolute elementor-widget elementor-widget-image\" data-id=\"97a1f6e\" data-element_type=\"widget\" data-settings=\"{&quot;etheme_parallax&quot;:&quot;yes&quot;,&quot;etheme_parallax_type&quot;:&quot;floating_effects&quot;,&quot;etheme_parallax_floating_rotate_toggle&quot;:&quot;yes&quot;,&quot;etheme_parallax_floating_rotate_x&quot;:{&quot;unit&quot;:&quot;px&quot;,&quot;size&quot;:&quot;&quot;,&quot;sizes&quot;:{&quot;from&quot;:0,&quot;to&quot;:0}},&quot;etheme_parallax_floating_rotate_y&quot;:{&quot;unit&quot;:&quot;px&quot;,&quot;size&quot;:&quot;&quot;,&quot;sizes&quot;:{&quot;from&quot;:0,&quot;to&quot;:0}},&quot;etheme_parallax_floating_rotate_z&quot;:{&quot;unit&quot;:&quot;px&quot;,&quot;size&quot;:&quot;&quot;,&quot;sizes&quot;:{&quot;from&quot;:-12,&quot;to&quot;:28}},&quot;etheme_parallax_floating_rotate_duration&quot;:{&quot;unit&quot;:&quot;px&quot;,&quot;size&quot;:5000,&quot;sizes&quot;:[]},&quot;_position&quot;:&quot;absolute&quot;,&quot;etheme_parallax_floating_rotate_delay&quot;:{&quot;unit&quot;:&quot;px&quot;,&quot;size&quot;:&quot;&quot;,&quot;sizes&quot;:[]}}\" data-widget_type=\"image.default\">\n\t\t\t\t<div class=\"elementor-widget-container\">\n\t\t\t\t\t\t\t\t\t\t\t\t\t<img fetchpriority=\"high\" decoding=\"async\" width=\"605\" height=\"605\" src=\"https:\/\/infinityplanets.net\/wp-content\/uploads\/2023\/12\/Diseno-sin-titulo-2.png\" class=\"attachment-full size-full wp-image-1917\" alt=\"\" srcset=\"https:\/\/infinityplanets.net\/wp-content\/uploads\/2023\/12\/Diseno-sin-titulo-2.png 605w, https:\/\/infinityplanets.net\/wp-content\/uploads\/2023\/12\/Diseno-sin-titulo-2-300x300.png 300w, https:\/\/infinityplanets.net\/wp-content\/uploads\/2023\/12\/Diseno-sin-titulo-2-150x150.png 150w, https:\/\/infinityplanets.net\/wp-content\/uploads\/2023\/12\/Diseno-sin-titulo-2-600x600.png 600w, https:\/\/infinityplanets.net\/wp-content\/uploads\/2023\/12\/Diseno-sin-titulo-2-100x100.png 100w, https:\/\/infinityplanets.net\/wp-content\/uploads\/2023\/12\/Diseno-sin-titulo-2-1x1.png 1w, https:\/\/infinityplanets.net\/wp-content\/uploads\/2023\/12\/Diseno-sin-titulo-2-10x10.png 10w\" sizes=\"(max-width: 605px) 100vw, 605px\" \/>\t\t\t\t\t\t\t\t\t\t\t\t\t<\/div>\n\t\t\t\t<\/div>\n\t\t\t\t<div class=\"elementor-element elementor-element-f289085 etheme-parallax-3d_hover_effects elementor-absolute elementor-invisible elementor-widget elementor-widget-image\" data-id=\"f289085\" data-element_type=\"widget\" data-settings=\"{&quot;etheme_parallax&quot;:&quot;yes&quot;,&quot;etheme_parallax_type&quot;:&quot;3d_hover_effects&quot;,&quot;_position&quot;:&quot;absolute&quot;,&quot;etheme_parallax_3d_hover_scale&quot;:{&quot;unit&quot;:&quot;px&quot;,&quot;size&quot;:1,&quot;sizes&quot;:[]},&quot;etheme_parallax_3d_hover_perspective&quot;:{&quot;unit&quot;:&quot;px&quot;,&quot;size&quot;:600,&quot;sizes&quot;:[]},&quot;_animation&quot;:&quot;fadeInUp&quot;,&quot;etheme_parallax_3d_hover_maxTilt&quot;:{&quot;unit&quot;:&quot;px&quot;,&quot;size&quot;:20,&quot;sizes&quot;:[]},&quot;etheme_parallax_3d_hover_speed&quot;:{&quot;unit&quot;:&quot;px&quot;,&quot;size&quot;:400,&quot;sizes&quot;:[]}}\" data-widget_type=\"image.default\">\n\t\t\t\t<div class=\"elementor-widget-container\">\n\t\t\t\t\t\t\t\t\t\t\t\t\t<img decoding=\"async\" width=\"1080\" height=\"1920\" src=\"https:\/\/infinityplanets.net\/wp-content\/uploads\/2023\/12\/Historia-de-Instagram-Pergamino-de-Aviso-Caricatura-Azul.png\" class=\"attachment-full size-full wp-image-1915\" alt=\"\" srcset=\"https:\/\/infinityplanets.net\/wp-content\/uploads\/2023\/12\/Historia-de-Instagram-Pergamino-de-Aviso-Caricatura-Azul.png 1080w, https:\/\/infinityplanets.net\/wp-content\/uploads\/2023\/12\/Historia-de-Instagram-Pergamino-de-Aviso-Caricatura-Azul-169x300.png 169w, https:\/\/infinityplanets.net\/wp-content\/uploads\/2023\/12\/Historia-de-Instagram-Pergamino-de-Aviso-Caricatura-Azul-576x1024.png 576w, https:\/\/infinityplanets.net\/wp-content\/uploads\/2023\/12\/Historia-de-Instagram-Pergamino-de-Aviso-Caricatura-Azul-768x1365.png 768w, https:\/\/infinityplanets.net\/wp-content\/uploads\/2023\/12\/Historia-de-Instagram-Pergamino-de-Aviso-Caricatura-Azul-864x1536.png 864w, https:\/\/infinityplanets.net\/wp-content\/uploads\/2023\/12\/Historia-de-Instagram-Pergamino-de-Aviso-Caricatura-Azul-600x1067.png 600w, https:\/\/infinityplanets.net\/wp-content\/uploads\/2023\/12\/Historia-de-Instagram-Pergamino-de-Aviso-Caricatura-Azul-1x1.png 1w, https:\/\/infinityplanets.net\/wp-content\/uploads\/2023\/12\/Historia-de-Instagram-Pergamino-de-Aviso-Caricatura-Azul-6x10.png 6w\" sizes=\"(max-width: 1080px) 100vw, 1080px\" \/>\t\t\t\t\t\t\t\t\t\t\t\t\t<\/div>\n\t\t\t\t<\/div>\n\t\t\t\t\t<\/div>\n\t\t<\/div>\n\t\t\t\t<div class=\"elementor-column elementor-col-50 elementor-top-column elementor-element elementor-element-15682ae\" data-id=\"15682ae\" data-element_type=\"column\">\n\t\t\t<div class=\"elementor-widget-wrap elementor-element-populated\">\n\t\t\t\t\t\t<div class=\"elementor-element elementor-element-0dd149d elementor-widget elementor-widget-etheme_animated_headline\" data-id=\"0dd149d\" data-element_type=\"widget\" data-settings=\"{&quot;shape&quot;:&quot;custom&quot;,&quot;text_style&quot;:&quot;highlight&quot;,&quot;loop&quot;:&quot;yes&quot;,&quot;duration&quot;:{&quot;unit&quot;:&quot;px&quot;,&quot;size&quot;:&quot;&quot;,&quot;sizes&quot;:[]}}\" data-widget_type=\"etheme_animated_headline.default\">\n\t\t\t\t<div class=\"elementor-widget-container\">\n\t\t\t        \r\n        <div class=\"etheme-headline-wrapper\">\r\n            <h1 class=\"etheme-headline\" data-style=\"highlight\">\r\n\t\t                                <span class=\"etheme-headline-text-before\">\r\n\t                        Libro de                        <\/span>\r\n                                    <span class=\"etheme-headline-text-wrapper\">\r\n                \r\n\t\t        Hechizos                \r\n                <\/span>\r\n                            <\/h1>\r\n        <\/div>\r\n        \r\n\t\t\t\t<\/div>\n\t\t\t\t<\/div>\n\t\t\t\t<div class=\"elementor-element elementor-element-600762f elementor-widget elementor-widget-text-editor\" data-id=\"600762f\" data-element_type=\"widget\" data-widget_type=\"text-editor.default\">\n\t\t\t\t<div class=\"elementor-widget-container\">\n\t\t\t\t\t\t\t<p>El Libro &#8216;Erynith Salvanorium&#8217;; es un escrito breve redactado por la hechicera Leyra Aramordt, reina de la Regi\u00f3n de Annivia, y terminado aproximadamente en el a\u00f1o 1010 del Noul II, Tremul IV, en la Tercera Edad del planeta. En \u00e9l se recopilan los setenta hechizos m\u00e1s poderosos que han sido recapitulados a lo largo de su vida, y contienen aquellas fuerzas m\u00e1s grandes que ha aprendido a trav\u00e9s de sus estudios en el Reino de L\u00edvithur, su estad\u00eda en la naci\u00f3n de Solari, y las leyes expuestas en su propio libro, &#8220;Lith\u00ebir &#8216;evn Leyra&#8221;, entregado por el Dios de la Creaci\u00f3n. Est\u00e1 escrito en una hoja sagrada de oro, y fue desarrollado con el \u00fanico prop\u00f3sito de ser ense\u00f1ado a sus hijos, los pr\u00edncipes del reino del norte, para guiarlos a manifestar estas fuerzas con precauci\u00f3n y consciencia.<\/p>\t\t\t\t\t\t<\/div>\n\t\t\t\t<\/div>\n\t\t\t\t\t<\/div>\n\t\t<\/div>\n\t\t\t\t\t<\/div>\n\t\t<\/section>\n\t\t\t\t<\/div>\n\t\t","protected":false},"excerpt":{"rendered":"<p>Book of Spells The Book &#8216;Erynith Salvanorium&#8217;; is a short writing written by the sorceress Leyra Aramordt, queen of the Region of Annivia, and completed&#8230;<\/p>\n","protected":false},"author":2,"featured_media":0,"parent":0,"menu_order":0,"comment_status":"closed","ping_status":"closed","template":"","meta":{"_themeisle_gutenberg_block_has_review":false,"footnotes":""},"class_list":["post-2202","page","type-page","status-publish","hentry"],"_links":{"self":[{"href":"https:\/\/infinityplanets.net\/en\/wp-json\/wp\/v2\/pages\/2202"}],"collection":[{"href":"https:\/\/infinityplanets.net\/en\/wp-json\/wp\/v2\/pages"}],"about":[{"href":"https:\/\/infinityplanets.net\/en\/wp-json\/wp\/v2\/types\/page"}],"author":[{"embeddable":true,"href":"https:\/\/infinityplanets.net\/en\/wp-json\/wp\/v2\/users\/2"}],"replies":[{"embeddable":true,"href":"https:\/\/infinityplanets.net\/en\/wp-json\/wp\/v2\/comments?post=2202"}],"version-history":[{"count":1,"href":"https:\/\/infinityplanets.net\/en\/wp-json\/wp\/v2\/pages\/2202\/revisions"}],"predecessor-version":[{"id":2208,"href":"https:\/\/infinityplanets.net\/en\/wp-json\/wp\/v2\/pages\/2202\/revisions\/2208"}],"wp:attachment":[{"href":"https:\/\/infinityplanets.net\/en\/wp-json\/wp\/v2\/media?parent=2202"}],"curies":[{"name":"wp","href":"https:\/\/api.w.org\/{rel}","templated":true}]}}