{"id":2204,"date":"2023-08-21T14:53:50","date_gmt":"2023-08-21T19:53:50","guid":{"rendered":"http:\/\/infinityplanets.net\/about-us\/"},"modified":"2024-01-24T10:41:26","modified_gmt":"2024-01-24T15:41:26","slug":"about-us","status":"publish","type":"page","link":"https:\/\/infinityplanets.net\/en\/about-us\/","title":{"rendered":"About us"},"content":{"rendered":"\t\t<div data-elementor-type=\"wp-page\" data-elementor-id=\"2204\" class=\"elementor elementor-2204\">\n\t\t\t\t\t\t<section class=\"elementor-section elementor-top-section elementor-element elementor-element-6f4ee97 elementor-section-content-middle elementor-section-stretched elementor-section-boxed elementor-section-height-default elementor-section-height-default\" data-id=\"6f4ee97\" data-element_type=\"section\" data-settings=\"{&quot;stretch_section&quot;:&quot;section-stretched&quot;}\">\n\t\t\t\t\t\t<div class=\"elementor-container elementor-column-gap-custom\">\n\t\t\t\t\t<div class=\"elementor-column elementor-col-50 elementor-top-column elementor-element elementor-element-2863598\" data-id=\"2863598\" data-element_type=\"column\">\n\t\t\t<div class=\"elementor-widget-wrap elementor-element-populated\">\n\t\t\t\t\t\t<div class=\"elementor-element elementor-element-4f76621 elementor-widget elementor-widget-image\" data-id=\"4f76621\" data-element_type=\"widget\" data-widget_type=\"image.default\">\n\t\t\t\t<div class=\"elementor-widget-container\">\n\t\t\t<style>\/*! elementor - v3.20.0 - 26-03-2024 *\/\n.elementor-widget-image{text-align:center}.elementor-widget-image a{display:inline-block}.elementor-widget-image a img[src$=\".svg\"]{width:48px}.elementor-widget-image img{vertical-align:middle;display:inline-block}<\/style>\t\t\t\t\t\t\t\t\t\t<img fetchpriority=\"high\" decoding=\"async\" width=\"720\" height=\"715\" src=\"https:\/\/infinityplanets.net\/wp-content\/uploads\/2023\/12\/11a.jpg\" class=\"attachment-full size-full wp-image-1782\" alt=\"\" srcset=\"https:\/\/infinityplanets.net\/wp-content\/uploads\/2023\/12\/11a.jpg 720w, https:\/\/infinityplanets.net\/wp-content\/uploads\/2023\/12\/11a-300x298.jpg 300w, https:\/\/infinityplanets.net\/wp-content\/uploads\/2023\/12\/11a-150x150.jpg 150w, https:\/\/infinityplanets.net\/wp-content\/uploads\/2023\/12\/11a-600x596.jpg 600w, https:\/\/infinityplanets.net\/wp-content\/uploads\/2023\/12\/11a-100x100.jpg 100w, https:\/\/infinityplanets.net\/wp-content\/uploads\/2023\/12\/11a-1x1.jpg 1w, https:\/\/infinityplanets.net\/wp-content\/uploads\/2023\/12\/11a-10x10.jpg 10w\" sizes=\"(max-width: 720px) 100vw, 720px\" \/>\t\t\t\t\t\t\t\t\t\t\t\t\t<\/div>\n\t\t\t\t<\/div>\n\t\t\t\t\t<\/div>\n\t\t<\/div>\n\t\t\t\t<div class=\"elementor-column elementor-col-50 elementor-top-column elementor-element elementor-element-c47b5f4\" data-id=\"c47b5f4\" data-element_type=\"column\">\n\t\t\t<div class=\"elementor-widget-wrap elementor-element-populated\">\n\t\t\t\t\t\t<div class=\"elementor-element elementor-element-2b8d0d4 elementor-widget elementor-widget-etheme_animated_headline\" data-id=\"2b8d0d4\" data-element_type=\"widget\" data-settings=\"{&quot;shape&quot;:&quot;custom&quot;,&quot;text_style&quot;:&quot;highlight&quot;,&quot;loop&quot;:&quot;yes&quot;,&quot;duration&quot;:{&quot;unit&quot;:&quot;px&quot;,&quot;size&quot;:&quot;&quot;,&quot;sizes&quot;:[]}}\" data-widget_type=\"etheme_animated_headline.default\">\n\t\t\t\t<div class=\"elementor-widget-container\">\n\t\t\t        \r\n        <div class=\"etheme-headline-wrapper\">\r\n            <h2 class=\"etheme-headline\" data-style=\"highlight\">\r\n\t\t                                <span class=\"etheme-headline-text-before\">\r\n\t                        InfinityPlanet\u2122                        <\/span>\r\n                                    <span class=\"etheme-headline-text-wrapper\">\r\n                \r\n\t\t        Una visi\u00f3n para la eternidad EN                \r\n                <\/span>\r\n                            <\/h2>\r\n        <\/div>\r\n        \r\n\t\t\t\t<\/div>\n\t\t\t\t<\/div>\n\t\t\t\t<div class=\"elementor-element elementor-element-72f35b3 elementor-widget elementor-widget-text-editor\" data-id=\"72f35b3\" data-element_type=\"widget\" data-widget_type=\"text-editor.default\">\n\t\t\t\t<div class=\"elementor-widget-container\">\n\t\t\t<style>\/*! elementor - v3.20.0 - 26-03-2024 *\/\n.elementor-widget-text-editor.elementor-drop-cap-view-stacked .elementor-drop-cap{background-color:#69727d;color:#fff}.elementor-widget-text-editor.elementor-drop-cap-view-framed .elementor-drop-cap{color:#69727d;border:3px solid;background-color:transparent}.elementor-widget-text-editor:not(.elementor-drop-cap-view-default) .elementor-drop-cap{margin-top:8px}.elementor-widget-text-editor:not(.elementor-drop-cap-view-default) .elementor-drop-cap-letter{width:1em;height:1em}.elementor-widget-text-editor .elementor-drop-cap{float:left;text-align:center;line-height:1;font-size:50px}.elementor-widget-text-editor .elementor-drop-cap-letter{display:inline-block}<\/style>\t\t\t\t<p>En InfinityPlanet\u2122, no solo contamos historias; construimos mundos con palabras. Somos embajadores de la lectura, construyendo puentes entre culturas, edades y mentes.<\/p><p>Cada obra que presentamos es un testimonio de nuestra misi\u00f3n: impulsar la literatura y la narrativa a trav\u00e9s de la mitolog\u00eda y relatos que enriquecen la cronolog\u00eda y la sem\u00e1ntica en la mente de nuestros lectores. Nos comprometemos a la educaci\u00f3n literaria en todas las edades, desde j\u00f3venes hasta adultos e infantiles. Adem\u00e1s, abrazamos actividades recreativas como talleres y c\u00edrculos de lectura para promover la cultura y el amor por la lectura en nuestro pa\u00eds y a nivel internacional.<\/p><p>\u00a1Bienvenido a InfinityPlanet\u2122, donde construimos mundos literarios que perduran en el tiempo y llevamos la magia de la lectura a cada rinc\u00f3n del mundo!<\/p>\t\t\t\t\t\t<\/div>\n\t\t\t\t<\/div>\n\t\t\t\t\t<\/div>\n\t\t<\/div>\n\t\t\t\t\t<\/div>\n\t\t<\/section>\n\t\t\t\t<section class=\"elementor-section elementor-top-section elementor-element elementor-element-63f1d11 elementor-section-stretched elementor-section-boxed elementor-section-height-default elementor-section-height-default\" data-id=\"63f1d11\" data-element_type=\"section\" data-settings=\"{&quot;stretch_section&quot;:&quot;section-stretched&quot;}\">\n\t\t\t\t\t\t<div class=\"elementor-container elementor-column-gap-custom\">\n\t\t\t\t\t<div class=\"elementor-column elementor-col-50 elementor-top-column elementor-element elementor-element-9932830\" data-id=\"9932830\" data-element_type=\"column\">\n\t\t\t<div class=\"elementor-widget-wrap elementor-element-populated\">\n\t\t\t\t\t\t<div class=\"elementor-element elementor-element-9eac712 elementor-align-center elementor-widget elementor-widget-etheme_icon_box\" data-id=\"9eac712\" data-element_type=\"widget\" data-settings=\"{&quot;lottie_source&quot;:&quot;media_file&quot;,&quot;lottie_source_json&quot;:{&quot;url&quot;:&quot;&quot;,&quot;id&quot;:&quot;&quot;,&quot;size&quot;:&quot;&quot;},&quot;lottie_points&quot;:{&quot;unit&quot;:&quot;%&quot;,&quot;size&quot;:&quot;&quot;,&quot;sizes&quot;:{&quot;start&quot;:0,&quot;end&quot;:100}},&quot;lottie_renderer&quot;:&quot;svg&quot;,&quot;lottie_play_speed&quot;:{&quot;unit&quot;:&quot;px&quot;,&quot;size&quot;:1,&quot;sizes&quot;:[]},&quot;lottie_loop&quot;:&quot;yes&quot;,&quot;lottie_lazyload&quot;:&quot;yes&quot;}\" data-widget_type=\"etheme_icon_box.default\">\n\t\t\t\t<div class=\"elementor-widget-container\">\n\t\t\t\t\t\t<div class=\"etheme-icon-box etheme-icon-box-icon-position-top\">\r\n        \r\n                            \r\n                <div class=\"etheme-icon-box-icon etheme-icon-box-icon-type-lottie etheme-lottie\">\r\n        \r\n                                            <div class=\"etheme-lottie-animation\"><\/div>\r\n                                    \r\n                <\/div>\r\n            \r\n                <div class=\"etheme-icon-box-content\">\r\n\t\t\r\n                                        \r\n                                            <h3 class=\"etheme-icon-box-title\">\r\n                            <span>Visi\u00f3n<\/span>\r\n                        <\/h3>\r\n                    \t\t\r\n                                            <p class=\"etheme-icon-box-description\">\r\n                            Establecer una marca s\u00f3lida e internacional que permita atraer cualquier persona apasionada a la lectura, llevar sus productos a una distribuci\u00f3n global y masiva.                        <\/p>\r\n                    \r\n                            \r\n                <\/div>\r\n\t\t\t<\/div>\r\n\t\t\t\t<\/div>\n\t\t\t\t<\/div>\n\t\t\t\t\t<\/div>\n\t\t<\/div>\n\t\t\t\t<div class=\"elementor-column elementor-col-50 elementor-top-column elementor-element elementor-element-29d7d27\" data-id=\"29d7d27\" data-element_type=\"column\">\n\t\t\t<div class=\"elementor-widget-wrap elementor-element-populated\">\n\t\t\t\t\t\t<div class=\"elementor-element elementor-element-2969074 elementor-align-center elementor-widget elementor-widget-etheme_icon_box\" data-id=\"2969074\" data-element_type=\"widget\" data-settings=\"{&quot;lottie_source&quot;:&quot;media_file&quot;,&quot;lottie_source_json&quot;:{&quot;url&quot;:&quot;&quot;,&quot;id&quot;:&quot;&quot;,&quot;size&quot;:&quot;&quot;},&quot;lottie_points&quot;:{&quot;unit&quot;:&quot;%&quot;,&quot;size&quot;:&quot;&quot;,&quot;sizes&quot;:{&quot;start&quot;:0,&quot;end&quot;:100}},&quot;lottie_renderer&quot;:&quot;svg&quot;,&quot;lottie_play_speed&quot;:{&quot;unit&quot;:&quot;px&quot;,&quot;size&quot;:1,&quot;sizes&quot;:[]},&quot;lottie_loop&quot;:&quot;yes&quot;,&quot;lottie_lazyload&quot;:&quot;yes&quot;}\" data-widget_type=\"etheme_icon_box.default\">\n\t\t\t\t<div class=\"elementor-widget-container\">\n\t\t\t\t\t\t<div class=\"etheme-icon-box etheme-icon-box-icon-position-top\">\r\n        \r\n                            \r\n                <div class=\"etheme-icon-box-icon etheme-icon-box-icon-type-lottie etheme-lottie\">\r\n        \r\n                                            <div class=\"etheme-lottie-animation\"><\/div>\r\n                                    \r\n                <\/div>\r\n            \r\n                <div class=\"etheme-icon-box-content\">\r\n\t\t\r\n                                        \r\n                                            <h3 class=\"etheme-icon-box-title\">\r\n                            <span>Valores<\/span>\r\n                        <\/h3>\r\n                    \t\t\r\n                                            <p class=\"etheme-icon-box-description\">\r\n                            Integridad, autenticidad, creatividad, arte, honestidad, amor, perseverancia.                         <\/p>\r\n                    \r\n                            \r\n                <\/div>\r\n\t\t\t<\/div>\r\n\t\t\t\t<\/div>\n\t\t\t\t<\/div>\n\t\t\t\t\t<\/div>\n\t\t<\/div>\n\t\t\t\t\t<\/div>\n\t\t<\/section>\n\t\t\t\t<section class=\"elementor-section elementor-top-section elementor-element elementor-element-ca7a230 elementor-section-content-middle elementor-section-stretched elementor-section-boxed elementor-section-height-default elementor-section-height-default\" data-id=\"ca7a230\" data-element_type=\"section\" data-settings=\"{&quot;stretch_section&quot;:&quot;section-stretched&quot;}\">\n\t\t\t\t\t\t<div class=\"elementor-container elementor-column-gap-custom\">\n\t\t\t\t\t<div class=\"elementor-column elementor-col-100 elementor-top-column elementor-element elementor-element-087611c\" data-id=\"087611c\" data-element_type=\"column\">\n\t\t\t<div class=\"elementor-widget-wrap elementor-element-populated\">\n\t\t\t\t\t\t<div class=\"elementor-element elementor-element-60dcd38 elementor-widget elementor-widget-etheme_animated_headline\" data-id=\"60dcd38\" data-element_type=\"widget\" data-settings=\"{&quot;shape&quot;:&quot;custom&quot;,&quot;text_style&quot;:&quot;highlight&quot;,&quot;loop&quot;:&quot;yes&quot;,&quot;duration&quot;:{&quot;unit&quot;:&quot;px&quot;,&quot;size&quot;:&quot;&quot;,&quot;sizes&quot;:[]}}\" data-widget_type=\"etheme_animated_headline.default\">\n\t\t\t\t<div class=\"elementor-widget-container\">\n\t\t\t        \r\n        <div class=\"etheme-headline-wrapper\">\r\n            <h2 class=\"etheme-headline\" data-style=\"highlight\">\r\n\t\t                        <span class=\"etheme-headline-text-wrapper\">\r\n                \r\n\t\t        Servicios y Productos                 \r\n                <\/span>\r\n                                    <span class=\"etheme-headline-text-after\">\r\n                        que comercializamos                    <\/span>\r\n                            <\/h2>\r\n        <\/div>\r\n        \r\n\t\t\t\t<\/div>\n\t\t\t\t<\/div>\n\t\t\t\t\t<\/div>\n\t\t<\/div>\n\t\t\t\t\t<\/div>\n\t\t<\/section>\n\t\t\t\t<section class=\"elementor-section elementor-top-section elementor-element elementor-element-bce944c elementor-section-content-middle elementor-section-stretched elementor-hidden-desktop elementor-section-boxed elementor-section-height-default elementor-section-height-default\" data-id=\"bce944c\" data-element_type=\"section\" data-settings=\"{&quot;stretch_section&quot;:&quot;section-stretched&quot;}\">\n\t\t\t\t\t\t<div class=\"elementor-container elementor-column-gap-custom\">\n\t\t\t\t\t<div class=\"elementor-column elementor-col-100 elementor-top-column elementor-element elementor-element-f610a08\" data-id=\"f610a08\" data-element_type=\"column\">\n\t\t\t<div class=\"elementor-widget-wrap elementor-element-populated\">\n\t\t\t\t\t\t<div class=\"elementor-element elementor-element-f21b145 elementor-widget elementor-widget-text-editor\" data-id=\"f21b145\" data-element_type=\"widget\" data-widget_type=\"text-editor.default\">\n\t\t\t\t<div class=\"elementor-widget-container\">\n\t\t\t\t\t\t\t<ul><li>Libros F\u00edsicos<\/li><li>Libros virtuales (eBOOKs)<\/li><li>Audiolibros<\/li><li>Mapas<\/li><li>Im\u00e1genes, dise\u00f1os, fotograf\u00edas, portadas, entre otras.<\/li><li>Calendarios<\/li><li>Mercanc\u00eda de Vestir y Accesorios<\/li><li>Mercanc\u00eda de Jugueter\u00eda<\/li><\/ul>\t\t\t\t\t\t<\/div>\n\t\t\t\t<\/div>\n\t\t\t\t\t<\/div>\n\t\t<\/div>\n\t\t\t\t\t<\/div>\n\t\t<\/section>\n\t\t\t\t<section class=\"elementor-section elementor-top-section elementor-element elementor-element-4eb1f74 elementor-section-stretched elementor-hidden-tablet elementor-hidden-mobile elementor-section-boxed elementor-section-height-default elementor-section-height-default elementor-invisible\" data-id=\"4eb1f74\" data-element_type=\"section\" data-settings=\"{&quot;stretch_section&quot;:&quot;section-stretched&quot;,&quot;animation&quot;:&quot;fadeInUp&quot;}\">\n\t\t\t\t\t\t<div class=\"elementor-container elementor-column-gap-custom\">\n\t\t\t\t\t<div class=\"elementor-column elementor-col-100 elementor-top-column elementor-element elementor-element-f0a2a8e\" data-id=\"f0a2a8e\" data-element_type=\"column\">\n\t\t\t<div class=\"elementor-widget-wrap elementor-element-populated\">\n\t\t\t\t\t\t<div class=\"elementor-element elementor-element-ff47878 elementor-widget elementor-widget-etheme_hotspot\" data-id=\"ff47878\" data-element_type=\"widget\" data-settings=\"{&quot;tooltip_trigger&quot;:&quot;none&quot;}\" data-widget_type=\"etheme_hotspot.default\">\n\t\t\t\t<div class=\"elementor-widget-container\">\n\t\t\t<span class=\"etheme-ajaxify-lazy-wrapper etheme-ajaxify-replace\" data-type=\"elementor\" data-request=\"WyJlbGVtZW50b3IiLDIyMDQsImM4OGQ5MWIxIl0=\"><\/span>\t\t<\/div>\n\t\t\t\t<\/div>\n\t\t\t\t\t<\/div>\n\t\t<\/div>\n\t\t\t\t\t<\/div>\n\t\t<\/section>\n\t\t\t\t<section class=\"elementor-section elementor-top-section elementor-element elementor-element-203512e elementor-section-stretched elementor-hidden-tablet elementor-hidden-mobile elementor-section-boxed elementor-section-height-default elementor-section-height-default elementor-invisible\" data-id=\"203512e\" data-element_type=\"section\" data-settings=\"{&quot;stretch_section&quot;:&quot;section-stretched&quot;,&quot;animation&quot;:&quot;fadeInUp&quot;}\">\n\t\t\t\t\t\t<div class=\"elementor-container elementor-column-gap-custom\">\n\t\t\t\t\t<div class=\"elementor-column elementor-col-100 elementor-top-column elementor-element elementor-element-a76166f\" data-id=\"a76166f\" data-element_type=\"column\">\n\t\t\t<div class=\"elementor-widget-wrap elementor-element-populated\">\n\t\t\t\t\t\t<div class=\"elementor-element elementor-element-ab3b945 elementor-widget elementor-widget-etheme_hotspot\" data-id=\"ab3b945\" data-element_type=\"widget\" data-settings=\"{&quot;tooltip_trigger&quot;:&quot;none&quot;}\" data-widget_type=\"etheme_hotspot.default\">\n\t\t\t\t<div class=\"elementor-widget-container\">\n\t\t\t<span class=\"etheme-ajaxify-lazy-wrapper etheme-ajaxify-replace\" data-type=\"elementor\" data-request=\"WyJlbGVtZW50b3IiLDIyMDQsImE0NzgwM2ZmIl0=\"><\/span>\t\t<\/div>\n\t\t\t\t<\/div>\n\t\t\t\t\t<\/div>\n\t\t<\/div>\n\t\t\t\t\t<\/div>\n\t\t<\/section>\n\t\t\t\t<section class=\"etheme-elementor-lazyBg elementor-section elementor-top-section elementor-element elementor-element-75ffbaac elementor-section-height-min-height elementor-section-stretched elementor-section-full_width elementor-section-height-default elementor-section-items-middle\" data-id=\"75ffbaac\" data-element_type=\"section\" data-settings=\"{&quot;background_background&quot;:&quot;classic&quot;,&quot;stretch_section&quot;:&quot;section-stretched&quot;}\">\n\t\t\t\t\t\t<div class=\"elementor-container elementor-column-gap-no\">\n\t\t\t\t\t<div class=\"elementor-column elementor-col-100 elementor-top-column elementor-element elementor-element-34ee5047\" data-id=\"34ee5047\" data-element_type=\"column\" data-settings=\"{&quot;background_background&quot;:&quot;classic&quot;}\">\n\t\t\t<div class=\"elementor-widget-wrap elementor-element-populated\">\n\t\t\t\t\t\t<div class=\"elementor-element elementor-element-69c4070 elementor-widget elementor-widget-image\" data-id=\"69c4070\" data-element_type=\"widget\" data-widget_type=\"image.default\">\n\t\t\t\t<div class=\"elementor-widget-container\">\n\t\t\t\t\t\t\t\t\t\t\t\t\t<img decoding=\"async\" width=\"1280\" height=\"717\" src=\"https:\/\/infinityplanets.net\/wp-content\/uploads\/2023\/12\/ai-generated-8412269_1280.png\" class=\"attachment-full size-full wp-image-1795\" alt=\"\" srcset=\"https:\/\/infinityplanets.net\/wp-content\/uploads\/2023\/12\/ai-generated-8412269_1280.png 1280w, https:\/\/infinityplanets.net\/wp-content\/uploads\/2023\/12\/ai-generated-8412269_1280-300x168.png 300w, https:\/\/infinityplanets.net\/wp-content\/uploads\/2023\/12\/ai-generated-8412269_1280-1024x574.png 1024w, https:\/\/infinityplanets.net\/wp-content\/uploads\/2023\/12\/ai-generated-8412269_1280-768x430.png 768w, https:\/\/infinityplanets.net\/wp-content\/uploads\/2023\/12\/ai-generated-8412269_1280-600x336.png 600w, https:\/\/infinityplanets.net\/wp-content\/uploads\/2023\/12\/ai-generated-8412269_1280-1x1.png 1w, https:\/\/infinityplanets.net\/wp-content\/uploads\/2023\/12\/ai-generated-8412269_1280-10x6.png 10w\" sizes=\"(max-width: 1280px) 100vw, 1280px\" \/>\t\t\t\t\t\t\t\t\t\t\t\t\t<\/div>\n\t\t\t\t<\/div>\n\t\t\t\t<div class=\"elementor-element elementor-element-6fec614 elementor-widget elementor-widget-etheme_animated_headline\" data-id=\"6fec614\" data-element_type=\"widget\" data-settings=\"{&quot;shape&quot;:&quot;custom&quot;,&quot;text_style&quot;:&quot;highlight&quot;,&quot;loop&quot;:&quot;yes&quot;,&quot;duration&quot;:{&quot;unit&quot;:&quot;px&quot;,&quot;size&quot;:&quot;&quot;,&quot;sizes&quot;:[]}}\" data-widget_type=\"etheme_animated_headline.default\">\n\t\t\t\t<div class=\"elementor-widget-container\">\n\t\t\t        \r\n        <div class=\"etheme-headline-wrapper\">\r\n            <h2 class=\"etheme-headline\" data-style=\"highlight\">\r\n\t\t                                <span class=\"etheme-headline-text-before\">\r\n\t                        Arg\u00f4n Aramordt<br>                        <\/span>\r\n                                    <span class=\"etheme-headline-text-wrapper\">\r\n                \r\n\t\t        (Rey de Annivia - A\u00f1o 1175, Tercera Edad)                \r\n                <\/span>\r\n                            <\/h2>\r\n        <\/div>\r\n        \r\n\t\t\t\t<\/div>\n\t\t\t\t<\/div>\n\t\t\t\t\t<\/div>\n\t\t<\/div>\n\t\t\t\t\t<\/div>\n\t\t<\/section>\n\t\t\t\t<\/div>\n\t\t","protected":false},"excerpt":{"rendered":"<p>InfinityPlanet\u2122 A vision for eternity At InfinityPlanet\u2122, we don&#8217;t just tell stories; We build worlds with words. We are ambassadors of reading, building bridges between&#8230;<\/p>\n","protected":false},"author":2,"featured_media":0,"parent":0,"menu_order":0,"comment_status":"closed","ping_status":"closed","template":"","meta":{"_themeisle_gutenberg_block_has_review":false,"footnotes":""},"class_list":["post-2204","page","type-page","status-publish","hentry"],"_links":{"self":[{"href":"https:\/\/infinityplanets.net\/en\/wp-json\/wp\/v2\/pages\/2204"}],"collection":[{"href":"https:\/\/infinityplanets.net\/en\/wp-json\/wp\/v2\/pages"}],"about":[{"href":"https:\/\/infinityplanets.net\/en\/wp-json\/wp\/v2\/types\/page"}],"author":[{"embeddable":true,"href":"https:\/\/infinityplanets.net\/en\/wp-json\/wp\/v2\/users\/2"}],"replies":[{"embeddable":true,"href":"https:\/\/infinityplanets.net\/en\/wp-json\/wp\/v2\/comments?post=2204"}],"version-history":[{"count":5,"href":"https:\/\/infinityplanets.net\/en\/wp-json\/wp\/v2\/pages\/2204\/revisions"}],"predecessor-version":[{"id":2226,"href":"https:\/\/infinityplanets.net\/en\/wp-json\/wp\/v2\/pages\/2204\/revisions\/2226"}],"wp:attachment":[{"href":"https:\/\/infinityplanets.net\/en\/wp-json\/wp\/v2\/media?parent=2204"}],"curies":[{"name":"wp","href":"https:\/\/api.w.org\/{rel}","templated":true}]}}