{"id":375,"date":"2023-08-22T13:27:21","date_gmt":"2023-08-22T13:27:21","guid":{"rendered":"https:\/\/xstore.8theme.com\/elementor2\/nft-crypto\/?post_type=product&#038;p=375"},"modified":"2024-06-26T04:19:26","modified_gmt":"2024-06-26T09:19:26","slug":"las-hijas-del-rey-universo-c","status":"publish","type":"product","link":"https:\/\/infinityplanets.net\/en\/product\/las-hijas-del-rey-universo-c\/","title":{"rendered":"Las Hijas del Rey (Universo C)"},"content":{"rendered":"<p><strong><em>\u201c<\/em><\/strong><em>En el reino m\u00edstico y perdido de Aramordt, la responsabilidad de ser princesas de la realeza empieza a caer sobre los hombros de Amara y Rita. Su hermana mayor, Ceres, las guiar\u00e1 hacia un evento tradicional y enga\u00f1oso de la nobleza, en donde deber\u00e1n afirmar la lealtad a su reino. Pero las tentaciones har\u00e1n que alguna de las dos traicione la soberan\u00eda, poniendo en riesgo la vida de todo su pueblo, y de todo el norte del continente de Erevia.\u201d<\/em><\/p>\n","protected":false},"excerpt":{"rendered":"<p><strong><em>\u201c<\/em><\/strong><em>En el reino m\u00edstico y perdido de Aramordt, la responsabilidad de ser princesas de la realeza empieza a caer sobre los hombros de Amara y Rita. Su hermana mayor, Ceres, las guiar\u00e1 hacia un evento tradicional y enga\u00f1oso de la nobleza, en donde deber\u00e1n afirmar la lealtad a su reino. Pero las tentaciones har\u00e1n que alguna de las dos traicione la soberan\u00eda, poniendo en riesgo la vida de todo su pueblo, y de todo el norte del continente de Erevia.\u201d<\/em><\/p>\n","protected":false},"featured_media":1544,"comment_status":"open","ping_status":"closed","template":"","meta":{"_themeisle_gutenberg_block_has_review":false},"etheme_brands":[],"product_cat":[34],"product_tag":[31,32],"class_list":["post-375","product","type-product","status-publish","has-post-thumbnail","hentry","product_cat-las-hijas-del-rey","product_tag-ebook","product_tag-paperback"],"_links":{"self":[{"href":"https:\/\/infinityplanets.net\/en\/wp-json\/wp\/v2\/product\/375"}],"collection":[{"href":"https:\/\/infinityplanets.net\/en\/wp-json\/wp\/v2\/product"}],"about":[{"href":"https:\/\/infinityplanets.net\/en\/wp-json\/wp\/v2\/types\/product"}],"replies":[{"embeddable":true,"href":"https:\/\/infinityplanets.net\/en\/wp-json\/wp\/v2\/comments?post=375"}],"version-history":[{"count":2,"href":"https:\/\/infinityplanets.net\/en\/wp-json\/wp\/v2\/product\/375\/revisions"}],"predecessor-version":[{"id":1542,"href":"https:\/\/infinityplanets.net\/en\/wp-json\/wp\/v2\/product\/375\/revisions\/1542"}],"wp:featuredmedia":[{"embeddable":true,"href":"https:\/\/infinityplanets.net\/en\/wp-json\/wp\/v2\/media\/1544"}],"wp:attachment":[{"href":"https:\/\/infinityplanets.net\/en\/wp-json\/wp\/v2\/media?parent=375"}],"wp:term":[{"taxonomy":"brand","embeddable":true,"href":"https:\/\/infinityplanets.net\/en\/wp-json\/wp\/v2\/etheme_brands?post=375"},{"taxonomy":"product_cat","embeddable":true,"href":"https:\/\/infinityplanets.net\/en\/wp-json\/wp\/v2\/product_cat?post=375"},{"taxonomy":"product_tag","embeddable":true,"href":"https:\/\/infinityplanets.net\/en\/wp-json\/wp\/v2\/product_tag?post=375"}],"curies":[{"name":"wp","href":"https:\/\/api.w.org\/{rel}","templated":true}]}}