{"id":377,"date":"2023-08-22T13:27:23","date_gmt":"2023-08-22T13:27:23","guid":{"rendered":"https:\/\/xstore.8theme.com\/elementor2\/nft-crypto\/?post_type=product&#038;p=377"},"modified":"2024-08-10T05:39:41","modified_gmt":"2024-08-10T10:39:41","slug":"calendario-del-ano-rimeriano","status":"publish","type":"product","link":"https:\/\/infinityplanets.net\/en\/product\/calendario-del-ano-rimeriano\/","title":{"rendered":"Calendario del A\u00f1o Rimeriano"},"content":{"rendered":"<p><em>\u00a1Consigue ahora el calendario oficial de un A\u00f1o Rimeriano con relaci\u00f3n a nuestras propias fechas para que ubiques los d\u00edas exactos que suceden en la mitolog\u00eda! \u00a1Descifra los d\u00edas ocultos que se encuentran en todos nuestros libros! <\/em><\/p>\n<p><em><strong>Opci\u00f3n A:<\/strong> A\u00f1o Regular <\/em><\/p>\n<p><em><strong>Opci\u00f3n B:<\/strong> A\u00f1o Bisiesto <\/em><\/p>\n","protected":false},"excerpt":{"rendered":"<p><em>\u00a1Consigue ahora el calendario oficial de un A\u00f1o Rimeriano con relaci\u00f3n a nuestras propias fechas para que ubiques los d\u00edas exactos que suceden en la mitolog\u00eda! \u00a1Descifra los d\u00edas ocultos que se encuentran en todos nuestros libros! <\/em><\/p>\n<p><em><strong>Opci\u00f3n A:<\/strong> A\u00f1o Regular <\/em><\/p>\n<p><em><strong>Opci\u00f3n B:<\/strong> A\u00f1o Bisiesto<\/em><\/p>\n","protected":false},"featured_media":1755,"comment_status":"open","ping_status":"closed","template":"","meta":{"_themeisle_gutenberg_block_has_review":false},"etheme_brands":[],"product_cat":[22,28],"product_tag":[],"class_list":["post-377","product","type-product","status-publish","has-post-thumbnail","hentry","product_cat-digital-art","product_cat-leyendas-de-kepler"],"_links":{"self":[{"href":"https:\/\/infinityplanets.net\/en\/wp-json\/wp\/v2\/product\/377"}],"collection":[{"href":"https:\/\/infinityplanets.net\/en\/wp-json\/wp\/v2\/product"}],"about":[{"href":"https:\/\/infinityplanets.net\/en\/wp-json\/wp\/v2\/types\/product"}],"replies":[{"embeddable":true,"href":"https:\/\/infinityplanets.net\/en\/wp-json\/wp\/v2\/comments?post=377"}],"version-history":[{"count":2,"href":"https:\/\/infinityplanets.net\/en\/wp-json\/wp\/v2\/product\/377\/revisions"}],"predecessor-version":[{"id":1753,"href":"https:\/\/infinityplanets.net\/en\/wp-json\/wp\/v2\/product\/377\/revisions\/1753"}],"wp:featuredmedia":[{"embeddable":true,"href":"https:\/\/infinityplanets.net\/en\/wp-json\/wp\/v2\/media\/1755"}],"wp:attachment":[{"href":"https:\/\/infinityplanets.net\/en\/wp-json\/wp\/v2\/media?parent=377"}],"wp:term":[{"taxonomy":"brand","embeddable":true,"href":"https:\/\/infinityplanets.net\/en\/wp-json\/wp\/v2\/etheme_brands?post=377"},{"taxonomy":"product_cat","embeddable":true,"href":"https:\/\/infinityplanets.net\/en\/wp-json\/wp\/v2\/product_cat?post=377"},{"taxonomy":"product_tag","embeddable":true,"href":"https:\/\/infinityplanets.net\/en\/wp-json\/wp\/v2\/product_tag?post=377"}],"curies":[{"name":"wp","href":"https:\/\/api.w.org\/{rel}","templated":true}]}}