{"id":387,"date":"2023-08-22T13:27:32","date_gmt":"2023-08-22T13:27:32","guid":{"rendered":"https:\/\/xstore.8theme.com\/elementor2\/nft-crypto\/?post_type=product&#038;p=387"},"modified":"2024-08-09T05:17:08","modified_gmt":"2024-08-09T10:17:08","slug":"leyendas-de-kepler-el-dragon-y-la-mujer-demo-book-unedited","status":"publish","type":"product","link":"https:\/\/infinityplanets.net\/en\/product\/leyendas-de-kepler-el-dragon-y-la-mujer-demo-book-unedited\/","title":{"rendered":"Leyendas de Kepler: El Drag\u00f3n y La Mujer (DEMO BOOK &#8211; UNEDITED)"},"content":{"rendered":"<p><em>\u201cEn tiempos lejanos, donde el sol naciente se torna en contra de la tierra, naci\u00f3 un Rey. Erigido como una divinidad, este renunci\u00f3 a su estado natural para salvar a un pueblo, el Pueblo de Anais. En \u00e9l, se encontraba la hechicera que hab\u00eda robado su coraz\u00f3n. Pero esta uni\u00f3n desvi\u00f3 los prop\u00f3sitos que su padre, el semidi\u00f3s Elgoneth, ten\u00eda para ella. Esto conllev\u00f3 a que la Asamblea Dorada, hogar celestial de las deidades, tomar\u00e1 la decisi\u00f3n de destruir el Reino y disgregar el v\u00ednculo entre ellos. Derramaron la oscuridad sobre los cielos, y esparcieron un miedo inextinguible con El Esplendor, ej\u00e9rcito del Reino de Dragones. As\u00ed, cientos de bestias atacaron la regi\u00f3n con la intenci\u00f3n de eliminar de forma despiadada la armon\u00eda y la inocencia de todos los lugare\u00f1os, pero sus esperanzas no estaban perdidas, pues con el nacimiento de sus tres pr\u00edncipes se hallaba la posible salvaci\u00f3n y sobrevivencia del m\u00edstico reinado.\u201d<\/em><\/p>\n","protected":false},"excerpt":{"rendered":"<p><em>\u201cEn tiempos lejanos, donde el sol naciente se torna en contra de la tierra, naci\u00f3 un Rey. Erigido como una divinidad, este renunci\u00f3 a su estado natural para salvar a un pueblo, el Pueblo de Anais. En \u00e9l, se encontraba la hechicera que hab\u00eda robado su coraz\u00f3n. Pero esta uni\u00f3n desvi\u00f3 los prop\u00f3sitos que su padre, el semidi\u00f3s Elgoneth, ten\u00eda para ella. Esto conllev\u00f3 a que la Asamblea Dorada, hogar celestial de las deidades, tomar\u00e1 la decisi\u00f3n de destruir el Reino y disgregar el v\u00ednculo entre ellos.&#8221;<\/em><\/p>\n<p><em>Versi\u00f3n Original (No Editado)<\/em><\/p>\n","protected":false},"featured_media":1531,"comment_status":"open","ping_status":"closed","template":"","meta":{"_themeisle_gutenberg_block_has_review":false},"etheme_brands":[],"product_cat":[28,29],"product_tag":[31,33,32],"class_list":["post-387","product","type-product","status-publish","has-post-thumbnail","hentry","product_cat-leyendas-de-kepler","product_cat-saga-roja","product_tag-ebook","product_tag-hardcover","product_tag-paperback"],"_links":{"self":[{"href":"https:\/\/infinityplanets.net\/en\/wp-json\/wp\/v2\/product\/387"}],"collection":[{"href":"https:\/\/infinityplanets.net\/en\/wp-json\/wp\/v2\/product"}],"about":[{"href":"https:\/\/infinityplanets.net\/en\/wp-json\/wp\/v2\/types\/product"}],"replies":[{"embeddable":true,"href":"https:\/\/infinityplanets.net\/en\/wp-json\/wp\/v2\/comments?post=387"}],"version-history":[{"count":2,"href":"https:\/\/infinityplanets.net\/en\/wp-json\/wp\/v2\/product\/387\/revisions"}],"predecessor-version":[{"id":1530,"href":"https:\/\/infinityplanets.net\/en\/wp-json\/wp\/v2\/product\/387\/revisions\/1530"}],"wp:featuredmedia":[{"embeddable":true,"href":"https:\/\/infinityplanets.net\/en\/wp-json\/wp\/v2\/media\/1531"}],"wp:attachment":[{"href":"https:\/\/infinityplanets.net\/en\/wp-json\/wp\/v2\/media?parent=387"}],"wp:term":[{"taxonomy":"brand","embeddable":true,"href":"https:\/\/infinityplanets.net\/en\/wp-json\/wp\/v2\/etheme_brands?post=387"},{"taxonomy":"product_cat","embeddable":true,"href":"https:\/\/infinityplanets.net\/en\/wp-json\/wp\/v2\/product_cat?post=387"},{"taxonomy":"product_tag","embeddable":true,"href":"https:\/\/infinityplanets.net\/en\/wp-json\/wp\/v2\/product_tag?post=387"}],"curies":[{"name":"wp","href":"https:\/\/api.w.org\/{rel}","templated":true}]}}